{"id":14,"date":"2013-09-27T20:40:23","date_gmt":"2013-09-27T20:40:23","guid":{"rendered":"https:\/\/transasylsupport.cyborgsociety.org\/?page_id=14"},"modified":"2013-09-29T14:54:15","modified_gmt":"2013-09-29T14:54:15","slug":"fluchtlingsschutz","status":"publish","type":"page","link":"https:\/\/transasylsupport.cyborgsociety.org\/?page_id=14","title":{"rendered":"Fl\u00fcchtlingsschutz"},"content":{"rendered":"<p><span style=\"font-family: Calibri,sans-serif;\">Trans*Fl\u00fcchtlinge, die nicht in den Drittstaat zur\u00fcckgeschoben werden k\u00f6nnen, aus dem oder \u00fcber den sie eingereist sind, d\u00fcrfen nach \u00a7 60 Abs. 1 AufenthG nicht in ihr Herkunftsland abgeschoben werden, wenn ihr Leben, ihre k\u00f6rperlichen Unversehrtheit oder ihre Freiheit wegen ihrer &#8220;Zugeh\u00f6rigkeit zu <a title=\"\u201ebestimmte soziale Gruppe\u201c\" href=\"https:\/\/transasylsupport.cyborgsociety.org\/?page_id=34\">einer bestimmten sozialen Gruppe<\/a>\u201c bedroht ist. (sogenanntes kleines Asyl; BVerfGE 94, 49, 97).<\/span><\/p>\n<p><span style=\"font-family: Calibri,sans-serif;\">Fl\u00fcchtlinge, die keinen Anspruch auf Asyl nach Artikel 16 a Grundgesetz haben, k\u00f6nnen trotzdem Abschiebungsschutz erhalten, wenn das Bundesamt f\u00fcr Migration und Fl\u00fcchtlinge ein Abschiebeverbot nach \u00a7 60 Abs. 1 feststellt bzw. dazu vom Verwaltungsgericht verpflichtet wird.<\/span><\/p>\n<p><span style=\"font-family: Calibri,sans-serif;\">Da es sich um Fl\u00fcchtlinge laut der <a title=\"Genfer Fl\u00fcchtlingskonvention\" href=\"https:\/\/transasylsupport.cyborgsociety.org\/?page_id=30\">Genfer Fl\u00fcchtlingskonvention<\/a> handet, werden diese Fl\u00fcchtlingen auch Konventionsfl\u00fcchtlinge (\u00a73 AsylVfG) genannt. Diese erhalten eine Aufenthaltserlaubnis nach \u00a725 Abs. 2 AufenthG mit Berechtigung zur Erwerbst\u00e4tigkeit.<\/span><\/p>\n<p><span style=\"font-family: Calibri,sans-serif;\">Um den <strong>Fl\u00fcchtlingsschutz nach<\/strong> <b>\u00a7 60 Abs. 1 AufenthG <\/b>zu erhalten, m\u00fcssen folgende Voraussetzungen erf\u00fcllt werden:<\/span><\/p>\n<p><a title=\"Begriff Verfolgung\" href=\"https:\/\/transasylsupport.cyborgsociety.org\/?page_id=17\"><span style=\"font-family: Calibri,sans-serif;\">Verfolgung <\/span><\/a><\/p>\n<p><a title=\"Verfolgungsgr\u00fcnde\" href=\"https:\/\/transasylsupport.cyborgsociety.org\/?page_id=20\"><span style=\"font-family: Calibri,sans-serif;\">Verfolgungsgrund<\/span><\/a><\/p>\n<p><a title=\"Verfolgungsakteure\" href=\"https:\/\/transasylsupport.cyborgsociety.org\/?page_id=22\"><span style=\"font-family: Calibri,sans-serif;\">Verfolgungsakteur<\/span><\/a><\/p>\n<p><span style=\"font-family: Calibri,sans-serif;\"><a title=\"Verfolgungsprognose\" href=\"https:\/\/transasylsupport.cyborgsociety.org\/?page_id=51\">Verfolgungsprognose <\/a>bei R\u00fcckkehr<\/span><\/p>\n<p><span style=\"font-family: Calibri,sans-serif;\">keine<a title=\"Innerstaatliche Fluchtalternative\" href=\"https:\/\/transasylsupport.cyborgsociety.org\/?page_id=24\"> innerstaatliche Fluchtalternative<\/a><\/span><\/p>\n<p><span style=\"font-family: Calibri,sans-serif;\">Kein <a title=\"Ausschlussgr\u00fcnde\" href=\"https:\/\/transasylsupport.cyborgsociety.org\/?page_id=48\">Ausschlussgrund nach Art. 12 QRL<\/a><\/span><\/p>\n","protected":false},"excerpt":{"rendered":"<p>Trans*Fl\u00fcchtlinge, die nicht in den Drittstaat zur\u00fcckgeschoben werden k\u00f6nnen, aus dem oder \u00fcber den sie eingereist sind, d\u00fcrfen nach \u00a7 60 Abs. 1 AufenthG nicht in ihr Herkunftsland abgeschoben werden, wenn ihr Leben, ihre k\u00f6rperlichen Unversehrtheit oder ihre Freiheit wegen ihrer &#8220;Zugeh\u00f6rigkeit zu einer bestimmten sozialen Gruppe\u201c bedroht ist. (sogenanntes kleines Asyl; BVerfGE 94, 49, [&hellip;]<\/p>\n","protected":false},"author":1,"featured_media":0,"parent":0,"menu_order":0,"comment_status":"closed","ping_status":"closed","template":"","meta":{"footnotes":""},"class_list":["post-14","page","type-page","status-publish","hentry"],"_links":{"self":[{"href":"https:\/\/transasylsupport.cyborgsociety.org\/index.php?rest_route=\/wp\/v2\/pages\/14","targetHints":{"allow":["GET"]}}],"collection":[{"href":"https:\/\/transasylsupport.cyborgsociety.org\/index.php?rest_route=\/wp\/v2\/pages"}],"about":[{"href":"https:\/\/transasylsupport.cyborgsociety.org\/index.php?rest_route=\/wp\/v2\/types\/page"}],"author":[{"embeddable":true,"href":"https:\/\/transasylsupport.cyborgsociety.org\/index.php?rest_route=\/wp\/v2\/users\/1"}],"replies":[{"embeddable":true,"href":"https:\/\/transasylsupport.cyborgsociety.org\/index.php?rest_route=%2Fwp%2Fv2%2Fcomments&post=14"}],"version-history":[{"count":8,"href":"https:\/\/transasylsupport.cyborgsociety.org\/index.php?rest_route=\/wp\/v2\/pages\/14\/revisions"}],"predecessor-version":[{"id":47,"href":"https:\/\/transasylsupport.cyborgsociety.org\/index.php?rest_route=\/wp\/v2\/pages\/14\/revisions\/47"}],"wp:attachment":[{"href":"https:\/\/transasylsupport.cyborgsociety.org\/index.php?rest_route=%2Fwp%2Fv2%2Fmedia&parent=14"}],"curies":[{"name":"wp","href":"https:\/\/api.w.org\/{rel}","templated":true}]}}