{"id":20,"date":"2013-09-27T21:07:33","date_gmt":"2013-09-27T21:07:33","guid":{"rendered":"https:\/\/transasylsupport.cyborgsociety.org\/?page_id=20"},"modified":"2013-09-30T18:12:15","modified_gmt":"2013-09-30T18:12:15","slug":"verfolgungsgrunde","status":"publish","type":"page","link":"https:\/\/transasylsupport.cyborgsociety.org\/?page_id=20","title":{"rendered":"Verfolgungsgr\u00fcnde"},"content":{"rendered":"<p><span style=\"font-family: Calibri,sans-serif;\">Verfolgungsgr\u00fcnde sind Rasse, Religion, Staatsangeh\u00f6rigkeit, politische \u00dcberzeugung oder Zugeh\u00f6rigkeit zu einer bestimmten sozialen Gruppe (\u00a760 Abs. 1 Satz 1 AufenthG). Ein Ursachenzusammenhang zwischen der Verfolgungshandlung und den Verfolgungsgr\u00fcnden muss deutlich gemacht werden.<\/span><\/p>\n<h1><span style=\"font-family: Calibri,sans-serif;\">Geschlechtsspezifische Verfolgung<\/span><\/h1>\n<p><span style=\"font-family: Calibri,sans-serif;\">Seit 2005 gibt es im deutschen Zuwanderungsrecht in \u00a7 60 Abs.1 AufenthG eine ausdr\u00fcckliche Anerkennung geschlechtsspezifischer Verfolgung. <\/span><\/p>\n<p><span style=\"font-family: Calibri,sans-serif;\">\u00a760 Abs. 1 S. 3 AufenthG definiert explizit eine m\u00f6gliche Verfolgung aufgrund der Zugeh\u00f6rigkeit zu einer bestimmten sozialen Gruppe:\u00a0&#8220;Eine Verfolgung wegen der Zugeh\u00f6rigkeit zu einer bestimmten sozialen Gruppe kann auch dann vorliegen, wenn die Bedrohung des Lebens, der k\u00f6rperlichen Unversehrtheit oder der Freiheit allein an das Geschlecht ankn\u00fcpft&#8221; (Ebd.). <\/span><\/p>\n<p><span style=\"font-family: Calibri,sans-serif;\">Durch die erstmalige ausdr\u00fcckliche Bezugnahme auf die <a title=\"Genfer Fl\u00fcchtlingskonvention\" href=\"https:\/\/transasylsupport.cyborgsociety.org\/?page_id=30\">Genfer Fl\u00fcchtlingskonvention<\/a> (GFK) in \u00a760 Abs. 1 AufenthG wurden die v\u00f6lkerrechtlichen Verpflichtungen, die sich f\u00fcr die BRD aus der GFK ableiten, innerstaatlich umgesetzt. <\/span><\/p>\n<p><span style=\"font-family: Calibri,sans-serif;\">Ebenso bedeutsam ist die Gesetzes\u00e4nderung, die auch die Verfolgung von <a title=\"Verfolgungsakteure\" href=\"https:\/\/transasylsupport.cyborgsociety.org\/?page_id=22\">nicht staatlichen Akteuren<\/a> miteinbezieht. (Vgl. Pelzer\/ Pennington 2006: 4)<\/span><\/p>\n<p><a title=\"Literatur\" href=\"https:\/\/transasylsupport.cyborgsociety.org\/?page_id=38\">Verwendete Literatur<\/a><\/p>\n","protected":false},"excerpt":{"rendered":"<p>Verfolgungsgr\u00fcnde sind Rasse, Religion, Staatsangeh\u00f6rigkeit, politische \u00dcberzeugung oder Zugeh\u00f6rigkeit zu einer bestimmten sozialen Gruppe (\u00a760 Abs. 1 Satz 1 AufenthG). Ein Ursachenzusammenhang zwischen der Verfolgungshandlung und den Verfolgungsgr\u00fcnden muss deutlich gemacht werden. Geschlechtsspezifische Verfolgung Seit 2005 gibt es im deutschen Zuwanderungsrecht in \u00a7 60 Abs.1 AufenthG eine ausdr\u00fcckliche Anerkennung geschlechtsspezifischer Verfolgung. \u00a760 Abs. 1 S. [&hellip;]<\/p>\n","protected":false},"author":1,"featured_media":0,"parent":14,"menu_order":0,"comment_status":"closed","ping_status":"closed","template":"","meta":{"footnotes":""},"class_list":["post-20","page","type-page","status-publish","hentry"],"_links":{"self":[{"href":"https:\/\/transasylsupport.cyborgsociety.org\/index.php?rest_route=\/wp\/v2\/pages\/20","targetHints":{"allow":["GET"]}}],"collection":[{"href":"https:\/\/transasylsupport.cyborgsociety.org\/index.php?rest_route=\/wp\/v2\/pages"}],"about":[{"href":"https:\/\/transasylsupport.cyborgsociety.org\/index.php?rest_route=\/wp\/v2\/types\/page"}],"author":[{"embeddable":true,"href":"https:\/\/transasylsupport.cyborgsociety.org\/index.php?rest_route=\/wp\/v2\/users\/1"}],"replies":[{"embeddable":true,"href":"https:\/\/transasylsupport.cyborgsociety.org\/index.php?rest_route=%2Fwp%2Fv2%2Fcomments&post=20"}],"version-history":[{"count":7,"href":"https:\/\/transasylsupport.cyborgsociety.org\/index.php?rest_route=\/wp\/v2\/pages\/20\/revisions"}],"predecessor-version":[{"id":124,"href":"https:\/\/transasylsupport.cyborgsociety.org\/index.php?rest_route=\/wp\/v2\/pages\/20\/revisions\/124"}],"up":[{"embeddable":true,"href":"https:\/\/transasylsupport.cyborgsociety.org\/index.php?rest_route=\/wp\/v2\/pages\/14"}],"wp:attachment":[{"href":"https:\/\/transasylsupport.cyborgsociety.org\/index.php?rest_route=%2Fwp%2Fv2%2Fmedia&parent=20"}],"curies":[{"name":"wp","href":"https:\/\/api.w.org\/{rel}","templated":true}]}}