{"id":30,"date":"2013-09-29T09:19:36","date_gmt":"2013-09-29T09:19:36","guid":{"rendered":"https:\/\/transasylsupport.cyborgsociety.org\/?page_id=30"},"modified":"2013-09-30T14:36:54","modified_gmt":"2013-09-30T14:36:54","slug":"genfer-fluchtlingskonvention","status":"publish","type":"page","link":"https:\/\/transasylsupport.cyborgsociety.org\/?page_id=30","title":{"rendered":"Genfer Fl\u00fcchtlingskonvention"},"content":{"rendered":"<p><span style=\"font-family: Calibri,sans-serif;\">Die Genfer Fl\u00fcchtlingskonvention wurde 1951 verabschiedet, um die Rechtsstellung von vor allem europ\u00e4ischen Fl\u00fcchtlingen nach dem Ende des 2. Weltkrieges zu regeln. Der Wirkungsbereich der Konvention wurde durch das \u201eProtokoll \u00fcber die Rechtsstellung der Fl\u00fcchtlinge\u201c von 1967 erweitert. Damit gilt sie sowohl zeitlich als auch geografisch unbeschr\u00e4nkt. Bisher sind 147 Staaten der Genfer Fl\u00fcchtlingskonvention und\/oder dem Protokoll von 1967 beigetreten.<\/span><\/p>\n<p><span style=\"font-family: Calibri,sans-serif;\">Die GFK schreibt den Fl\u00fcchtlingsstatus der schutzsuchenden Person zu, die \u201eVerfolgung wegen ihrer Rasse, Religion, Nationalit\u00e4t, Zugeh\u00f6rigkeit zu einer bestimmten sozialen Gruppe oder wegen der politischen \u00dcberzeugung\u201c begr\u00fcndet f\u00fcrchtet. (Art. 1 A Nr.2 GFK) Auch wenn Geschlechtszugeh\u00f6rigkeit, sexuelle Orientierung oder geschlechtliche Identit\u00e4t nicht ausdr\u00fccklich erw\u00e4hnt werden, ziehen diese Merkmale einen Schutzanspruch nach sich.<\/span><\/p>\n","protected":false},"excerpt":{"rendered":"<p>Die Genfer Fl\u00fcchtlingskonvention wurde 1951 verabschiedet, um die Rechtsstellung von vor allem europ\u00e4ischen Fl\u00fcchtlingen nach dem Ende des 2. Weltkrieges zu regeln. Der Wirkungsbereich der Konvention wurde durch das \u201eProtokoll \u00fcber die Rechtsstellung der Fl\u00fcchtlinge\u201c von 1967 erweitert. Damit gilt sie sowohl zeitlich als auch geografisch unbeschr\u00e4nkt. Bisher sind 147 Staaten der Genfer Fl\u00fcchtlingskonvention und\/oder [&hellip;]<\/p>\n","protected":false},"author":1,"featured_media":0,"parent":28,"menu_order":0,"comment_status":"closed","ping_status":"closed","template":"","meta":{"footnotes":""},"class_list":["post-30","page","type-page","status-publish","hentry"],"_links":{"self":[{"href":"https:\/\/transasylsupport.cyborgsociety.org\/index.php?rest_route=\/wp\/v2\/pages\/30","targetHints":{"allow":["GET"]}}],"collection":[{"href":"https:\/\/transasylsupport.cyborgsociety.org\/index.php?rest_route=\/wp\/v2\/pages"}],"about":[{"href":"https:\/\/transasylsupport.cyborgsociety.org\/index.php?rest_route=\/wp\/v2\/types\/page"}],"author":[{"embeddable":true,"href":"https:\/\/transasylsupport.cyborgsociety.org\/index.php?rest_route=\/wp\/v2\/users\/1"}],"replies":[{"embeddable":true,"href":"https:\/\/transasylsupport.cyborgsociety.org\/index.php?rest_route=%2Fwp%2Fv2%2Fcomments&post=30"}],"version-history":[{"count":3,"href":"https:\/\/transasylsupport.cyborgsociety.org\/index.php?rest_route=\/wp\/v2\/pages\/30\/revisions"}],"predecessor-version":[{"id":104,"href":"https:\/\/transasylsupport.cyborgsociety.org\/index.php?rest_route=\/wp\/v2\/pages\/30\/revisions\/104"}],"up":[{"embeddable":true,"href":"https:\/\/transasylsupport.cyborgsociety.org\/index.php?rest_route=\/wp\/v2\/pages\/28"}],"wp:attachment":[{"href":"https:\/\/transasylsupport.cyborgsociety.org\/index.php?rest_route=%2Fwp%2Fv2%2Fmedia&parent=30"}],"curies":[{"name":"wp","href":"https:\/\/api.w.org\/{rel}","templated":true}]}}