{"id":34,"date":"2013-09-29T09:27:45","date_gmt":"2013-09-29T09:27:45","guid":{"rendered":"https:\/\/transasylsupport.cyborgsociety.org\/?page_id=34"},"modified":"2013-09-30T18:14:18","modified_gmt":"2013-09-30T18:14:18","slug":"bestimmte-soziale-gruppe","status":"publish","type":"page","link":"https:\/\/transasylsupport.cyborgsociety.org\/?page_id=34","title":{"rendered":"\u201ebestimmte soziale Gruppe\u201c"},"content":{"rendered":"<p>W\u00e4hrend die Genfer Fl\u00fcchtlingskonvention den Begriff der \u201ebestimmten sozialen Gruppe\u201c nicht weiter ausformuliert, wird dieser in der Qualifikationsrichtlinie definiert:<\/p>\n<p><i>&#8220;eine Gruppe gilt insbesondere als eine bestimmte soziale Gruppe, wenn <\/i><\/p>\n<ul>\n<li><i>die Mitglieder dieser Gruppe angeborene Merkmale oder einen gemeinsamen Hintergrund, der nicht ver\u00e4ndert werden kann, gemein haben oder Merkmale oder eine Glaubens\u00fcberzeugung teilen, die so bedeutsam f\u00fcr die Identit\u00e4t oder das Gewissen sind, dass der Betreffende nicht gezwungen werden sollte, auf sie zu verzichten, und <\/i><\/li>\n<\/ul>\n<ul>\n<li><i>die Gruppe in dem betreffenden Land eine deutlich abgegrenzte Identit\u00e4t hat, da sie von der sie umgebenden Gesellschaft als andersartig betrachtet wird. <\/i><\/li>\n<\/ul>\n<p><i>Je nach den Gegebenheiten im Herkunftsland kann als eine bestimmte soziale Gruppe auch eine Gruppe gelten, die sich auf das gemeinsame Merkmal der sexuellen Orientierung gr\u00fcndet. (\u2026) Geschlechtsbezogene Aspekte, <b>einschlie\u00dflich der geschlechtlichen Identit\u00e4t<\/b>, werden zum Zweck der Bestimmung der Zugeh\u00f6rigkeit zu einer bestimmten sozialen Gruppe oder der Ermittlung eines Merkmals einer solchen Gruppe angemessen ber\u00fccksichtigt\u201c<\/i><\/p>\n<p>Die Qualifikationsrichtlinie ist im Vergleich zu den in den von UNHCR 2002 festgelegten Standards zu eng gefasst, da sie beide Merkmale mit einem UND verbindet und somit beides zutreffen muss. (Vgl. Pelzer 2006: 5). F\u00fcr LGBTI*-Asylsuchende ist jedoch von Bedeutung, dass sexuelle Orientierung als auch geschlechtliche Identit\u00e4t explizit als Merkmal einer bestimmten sozialen Gruppe erw\u00e4hnt werden.<\/p>\n<p>&#8220;Auch das Aufenthaltsgesetz, \u00a760 Abs. 1 Satz 3 erweitert den Begriff explizit um die Bezogenheit aufs Geschlecht: \u201eEine Verfolgung wegen der Zugeh\u00f6rigkeit zu einer bestimmten sozialen Gruppe kann auch dann vorliegen, wenn die Bedrohung des Lebens, der k\u00f6rperlichen Unversehrtheit oder der Freiheit allein an das Geschlecht ankn\u00fcpft.\u201c<\/p>\n<p><a title=\"Literatur\" href=\"https:\/\/transasylsupport.cyborgsociety.org\/?page_id=38\">Verwendete Literatur<\/a><\/p>\n","protected":false},"excerpt":{"rendered":"<p>W\u00e4hrend die Genfer Fl\u00fcchtlingskonvention den Begriff der \u201ebestimmten sozialen Gruppe\u201c nicht weiter ausformuliert, wird dieser in der Qualifikationsrichtlinie definiert: &#8220;eine Gruppe gilt insbesondere als eine bestimmte soziale Gruppe, wenn die Mitglieder dieser Gruppe angeborene Merkmale oder einen gemeinsamen Hintergrund, der nicht ver\u00e4ndert werden kann, gemein haben oder Merkmale oder eine Glaubens\u00fcberzeugung teilen, die so bedeutsam [&hellip;]<\/p>\n","protected":false},"author":1,"featured_media":0,"parent":28,"menu_order":0,"comment_status":"closed","ping_status":"closed","template":"","meta":{"footnotes":""},"class_list":["post-34","page","type-page","status-publish","hentry"],"_links":{"self":[{"href":"https:\/\/transasylsupport.cyborgsociety.org\/index.php?rest_route=\/wp\/v2\/pages\/34","targetHints":{"allow":["GET"]}}],"collection":[{"href":"https:\/\/transasylsupport.cyborgsociety.org\/index.php?rest_route=\/wp\/v2\/pages"}],"about":[{"href":"https:\/\/transasylsupport.cyborgsociety.org\/index.php?rest_route=\/wp\/v2\/types\/page"}],"author":[{"embeddable":true,"href":"https:\/\/transasylsupport.cyborgsociety.org\/index.php?rest_route=\/wp\/v2\/users\/1"}],"replies":[{"embeddable":true,"href":"https:\/\/transasylsupport.cyborgsociety.org\/index.php?rest_route=%2Fwp%2Fv2%2Fcomments&post=34"}],"version-history":[{"count":4,"href":"https:\/\/transasylsupport.cyborgsociety.org\/index.php?rest_route=\/wp\/v2\/pages\/34\/revisions"}],"predecessor-version":[{"id":125,"href":"https:\/\/transasylsupport.cyborgsociety.org\/index.php?rest_route=\/wp\/v2\/pages\/34\/revisions\/125"}],"up":[{"embeddable":true,"href":"https:\/\/transasylsupport.cyborgsociety.org\/index.php?rest_route=\/wp\/v2\/pages\/28"}],"wp:attachment":[{"href":"https:\/\/transasylsupport.cyborgsociety.org\/index.php?rest_route=%2Fwp%2Fv2%2Fmedia&parent=34"}],"curies":[{"name":"wp","href":"https:\/\/api.w.org\/{rel}","templated":true}]}}