{"id":48,"date":"2013-09-29T10:24:17","date_gmt":"2013-09-29T10:24:17","guid":{"rendered":"https:\/\/transasylsupport.cyborgsociety.org\/?page_id=48"},"modified":"2013-09-30T14:04:54","modified_gmt":"2013-09-30T14:04:54","slug":"ausschlussgrunde","status":"publish","type":"page","link":"https:\/\/transasylsupport.cyborgsociety.org\/?page_id=48","title":{"rendered":"Ausschlussgr\u00fcnde"},"content":{"rendered":"<p>Durch \u00a760 Abs. 8 AufenthG und konkretisiert in Art. 12 QRL ist fest gelegt, wer aus schwerwiegenden Gr\u00fcnden als eine Gefahr f\u00fcr die Sicherheit der BRD gewertet wird. Oder\u00a0wer aufgrund eines Verbrechens oder\u00a0eines besonders schweren Vergehens rechtskr\u00e4ftig zu einer Freiheitsstrafe von mindestens 3 Jahren verurteilt worden ist und deshalb als eine Gefahr f\u00fcr die Allgemeinheit gilt. Eine Fl\u00fcchtlingsanerkennung ist in solchen F\u00e4llen ausgeschlossen.<\/p>\n","protected":false},"excerpt":{"rendered":"<p>Durch \u00a760 Abs. 8 AufenthG und konkretisiert in Art. 12 QRL ist fest gelegt, wer aus schwerwiegenden Gr\u00fcnden als eine Gefahr f\u00fcr die Sicherheit der BRD gewertet wird. Oder\u00a0wer aufgrund eines Verbrechens oder\u00a0eines besonders schweren Vergehens rechtskr\u00e4ftig zu einer Freiheitsstrafe von mindestens 3 Jahren verurteilt worden ist und deshalb als eine Gefahr f\u00fcr die Allgemeinheit [&hellip;]<\/p>\n","protected":false},"author":1,"featured_media":0,"parent":14,"menu_order":0,"comment_status":"closed","ping_status":"closed","template":"","meta":{"footnotes":""},"class_list":["post-48","page","type-page","status-publish","hentry"],"_links":{"self":[{"href":"https:\/\/transasylsupport.cyborgsociety.org\/index.php?rest_route=\/wp\/v2\/pages\/48","targetHints":{"allow":["GET"]}}],"collection":[{"href":"https:\/\/transasylsupport.cyborgsociety.org\/index.php?rest_route=\/wp\/v2\/pages"}],"about":[{"href":"https:\/\/transasylsupport.cyborgsociety.org\/index.php?rest_route=\/wp\/v2\/types\/page"}],"author":[{"embeddable":true,"href":"https:\/\/transasylsupport.cyborgsociety.org\/index.php?rest_route=\/wp\/v2\/users\/1"}],"replies":[{"embeddable":true,"href":"https:\/\/transasylsupport.cyborgsociety.org\/index.php?rest_route=%2Fwp%2Fv2%2Fcomments&post=48"}],"version-history":[{"count":2,"href":"https:\/\/transasylsupport.cyborgsociety.org\/index.php?rest_route=\/wp\/v2\/pages\/48\/revisions"}],"predecessor-version":[{"id":95,"href":"https:\/\/transasylsupport.cyborgsociety.org\/index.php?rest_route=\/wp\/v2\/pages\/48\/revisions\/95"}],"up":[{"embeddable":true,"href":"https:\/\/transasylsupport.cyborgsociety.org\/index.php?rest_route=\/wp\/v2\/pages\/14"}],"wp:attachment":[{"href":"https:\/\/transasylsupport.cyborgsociety.org\/index.php?rest_route=%2Fwp%2Fv2%2Fmedia&parent=48"}],"curies":[{"name":"wp","href":"https:\/\/api.w.org\/{rel}","templated":true}]}}