{"id":51,"date":"2013-09-29T11:04:06","date_gmt":"2013-09-29T11:04:06","guid":{"rendered":"https:\/\/transasylsupport.cyborgsociety.org\/?page_id=51"},"modified":"2013-09-30T14:29:07","modified_gmt":"2013-09-30T14:29:07","slug":"verfolgungsprognose","status":"publish","type":"page","link":"https:\/\/transasylsupport.cyborgsociety.org\/?page_id=51","title":{"rendered":"Verfolgungsprognose"},"content":{"rendered":"<p align=\"LEFT\"><span style=\"font-family: Calibri,sans-serif;\">Die schutzsuchende Person muss darlegen, dass sie im Falle einer R\u00fcckkehr ins Herkunftsland (ggf. erneut) Opfer von Verfolgung werden w\u00fcrde. War die\/der Antragsteller_in bereits in der Vergangenheit Opfer von Verfolgung, wird es als \u201eernsthafter Hinweis\u201c darauf bewertet, dass ihre\/seine Furcht begr\u00fcndet ist (Art. 4 Abs. 4 Qualifikationsrichtlinie). Dies ist ein Hinweis, dass eine Verfolgung auch bei R\u00fcckkehr weiter drohen kann. Die Beh\u00f6rde kann dies widerlegen; die Beweislast liegt jedoch bei ihr.<\/span><\/p>\n<p align=\"LEFT\"><span style=\"font-family: Calibri,sans-serif;\">War der\/die Antragsteller_in vor der Ausreise nicht von Verfolgung betroffen, so muss er\/sie darlegen, dass eine beachtliche Wahrscheinlichkeit f\u00fcr Verfolgung im Falle der R\u00fcckkehr besteht. (Vgl. DRK 2012: 32<span style=\"color: #000000;\"><span style=\"font-size: medium;\">)<\/span><\/span><\/span><\/p>\n<p align=\"LEFT\"><a title=\"Literatur\" href=\"https:\/\/transasylsupport.cyborgsociety.org\/?page_id=38\">Verwendete Literatur<\/a><\/p>\n","protected":false},"excerpt":{"rendered":"<p>Die schutzsuchende Person muss darlegen, dass sie im Falle einer R\u00fcckkehr ins Herkunftsland (ggf. erneut) Opfer von Verfolgung werden w\u00fcrde. War die\/der Antragsteller_in bereits in der Vergangenheit Opfer von Verfolgung, wird es als \u201eernsthafter Hinweis\u201c darauf bewertet, dass ihre\/seine Furcht begr\u00fcndet ist (Art. 4 Abs. 4 Qualifikationsrichtlinie). Dies ist ein Hinweis, dass eine Verfolgung auch [&hellip;]<\/p>\n","protected":false},"author":1,"featured_media":0,"parent":14,"menu_order":0,"comment_status":"closed","ping_status":"closed","template":"","meta":{"footnotes":""},"class_list":["post-51","page","type-page","status-publish","hentry"],"_links":{"self":[{"href":"https:\/\/transasylsupport.cyborgsociety.org\/index.php?rest_route=\/wp\/v2\/pages\/51","targetHints":{"allow":["GET"]}}],"collection":[{"href":"https:\/\/transasylsupport.cyborgsociety.org\/index.php?rest_route=\/wp\/v2\/pages"}],"about":[{"href":"https:\/\/transasylsupport.cyborgsociety.org\/index.php?rest_route=\/wp\/v2\/types\/page"}],"author":[{"embeddable":true,"href":"https:\/\/transasylsupport.cyborgsociety.org\/index.php?rest_route=\/wp\/v2\/users\/1"}],"replies":[{"embeddable":true,"href":"https:\/\/transasylsupport.cyborgsociety.org\/index.php?rest_route=%2Fwp%2Fv2%2Fcomments&post=51"}],"version-history":[{"count":3,"href":"https:\/\/transasylsupport.cyborgsociety.org\/index.php?rest_route=\/wp\/v2\/pages\/51\/revisions"}],"predecessor-version":[{"id":100,"href":"https:\/\/transasylsupport.cyborgsociety.org\/index.php?rest_route=\/wp\/v2\/pages\/51\/revisions\/100"}],"up":[{"embeddable":true,"href":"https:\/\/transasylsupport.cyborgsociety.org\/index.php?rest_route=\/wp\/v2\/pages\/14"}],"wp:attachment":[{"href":"https:\/\/transasylsupport.cyborgsociety.org\/index.php?rest_route=%2Fwp%2Fv2%2Fmedia&parent=51"}],"curies":[{"name":"wp","href":"https:\/\/api.w.org\/{rel}","templated":true}]}}