{"id":74,"date":"2013-09-30T09:25:14","date_gmt":"2013-09-30T09:25:14","guid":{"rendered":"https:\/\/transasylsupport.cyborgsociety.org\/?page_id=74"},"modified":"2013-09-30T14:34:28","modified_gmt":"2013-09-30T14:34:28","slug":"landerberichte","status":"publish","type":"page","link":"https:\/\/transasylsupport.cyborgsociety.org\/?page_id=74","title":{"rendered":"L\u00e4nderberichte"},"content":{"rendered":"<p>Um die Schilderungen der\/des Antragsteller_in zu st\u00e4rken, empfielt es sich, auf L\u00e4nderberichte von Nichtregierungsorganisationen und Sachverst\u00e4ndigen zur\u00fcckzugreifen. Diese spiegeln die Lebensverh\u00e4ltnisse f\u00fcr Trans* im jeweiligen Land wider und verleihen den individuellen Fluchtgr\u00fcnden der\/des Antragsteller_in Glaubhaftigkeit.<\/p>\n<p>Einen \u00dcberblick \u00fcber die (fehlenden) nationalen Regelungen in 58 Staaten weltweit bietet das \u201e<a title=\"TvT\" href=\"http:\/\/www.transrespect-transphobia.org\/en_US\/maps.htm\" target=\"_blank\">Mapping der Rechts- und Soziallage<\/a>\u201c von Trans*Menschen des partizipativen, internationalen Forschungsprojektes <em>Trans\u00adrespekt versus Transphobie<\/em>.<\/p>\n<p>Weitere n\u00fctzliche Links:<\/p>\n<p><a title=\"TGEU\" href=\"http:\/\/tgeu.org\/\" target=\"_blank\">http:\/\/tgeu.org\/<\/a><\/p>\n<p><a title=\"queeramnesty\" href=\"http:\/\/www.queeramnesty.de\/\" target=\"_blank\">http:\/\/www.queeramnesty.de\/<\/a><\/p>\n<p><a title=\"dgti\" href=\"http:\/\/www.dgti.org\/\" target=\"_blank\">http:\/\/www.dgti.org\/<\/a><\/p>\n<p><a title=\"triq\" href=\"http:\/\/transinterqueer.org\">transinterqueer.org<\/a><\/p>\n","protected":false},"excerpt":{"rendered":"<p>Um die Schilderungen der\/des Antragsteller_in zu st\u00e4rken, empfielt es sich, auf L\u00e4nderberichte von Nichtregierungsorganisationen und Sachverst\u00e4ndigen zur\u00fcckzugreifen. Diese spiegeln die Lebensverh\u00e4ltnisse f\u00fcr Trans* im jeweiligen Land wider und verleihen den individuellen Fluchtgr\u00fcnden der\/des Antragsteller_in Glaubhaftigkeit. Einen \u00dcberblick \u00fcber die (fehlenden) nationalen Regelungen in 58 Staaten weltweit bietet das \u201eMapping der Rechts- und Soziallage\u201c von Trans*Menschen [&hellip;]<\/p>\n","protected":false},"author":1,"featured_media":0,"parent":0,"menu_order":0,"comment_status":"closed","ping_status":"closed","template":"","meta":{"footnotes":""},"class_list":["post-74","page","type-page","status-publish","hentry"],"_links":{"self":[{"href":"https:\/\/transasylsupport.cyborgsociety.org\/index.php?rest_route=\/wp\/v2\/pages\/74","targetHints":{"allow":["GET"]}}],"collection":[{"href":"https:\/\/transasylsupport.cyborgsociety.org\/index.php?rest_route=\/wp\/v2\/pages"}],"about":[{"href":"https:\/\/transasylsupport.cyborgsociety.org\/index.php?rest_route=\/wp\/v2\/types\/page"}],"author":[{"embeddable":true,"href":"https:\/\/transasylsupport.cyborgsociety.org\/index.php?rest_route=\/wp\/v2\/users\/1"}],"replies":[{"embeddable":true,"href":"https:\/\/transasylsupport.cyborgsociety.org\/index.php?rest_route=%2Fwp%2Fv2%2Fcomments&post=74"}],"version-history":[{"count":4,"href":"https:\/\/transasylsupport.cyborgsociety.org\/index.php?rest_route=\/wp\/v2\/pages\/74\/revisions"}],"predecessor-version":[{"id":102,"href":"https:\/\/transasylsupport.cyborgsociety.org\/index.php?rest_route=\/wp\/v2\/pages\/74\/revisions\/102"}],"wp:attachment":[{"href":"https:\/\/transasylsupport.cyborgsociety.org\/index.php?rest_route=%2Fwp%2Fv2%2Fmedia&parent=74"}],"curies":[{"name":"wp","href":"https:\/\/api.w.org\/{rel}","templated":true}]}}