{"id":80,"date":"2013-09-30T10:30:07","date_gmt":"2013-09-30T10:30:07","guid":{"rendered":"https:\/\/transasylsupport.cyborgsociety.org\/?page_id=80"},"modified":"2013-09-30T16:51:23","modified_gmt":"2013-09-30T16:51:23","slug":"diskretions-erfordernis","status":"publish","type":"page","link":"https:\/\/transasylsupport.cyborgsociety.org\/?page_id=80","title":{"rendered":"Diskretions-Erfordernis"},"content":{"rendered":"<p><span style=\"font-family: Calibri,sans-serif;\">F\u00fcr Trans*idente Asylantragsteller_innen wurde in der Vergangenheit die so genannte <b>Diskretions-Erfordernis<\/b> angewendet. Trans*Menschen, die aus ihrem Ursprungsland geflohen sind, soll es dieser Argumentation zufolge m\u00f6glich sein, sich \u201eunauff\u00e4llig\u201c zu kleiden und sich \u201eim privaten Bereich\u201c zu bewe\u00adgen (de Silva\/ Quirling 2005: 74). Diese Forderung ist oft mit der Erwartung verbunden, dass Trans* sowie auch LGB-Fl\u00fcchtlinge innerhalb des Herkunftslandes sicher w\u00e4ren, wenn sie sich \u201ediskret\u201c verhalten, d.h. ihre geschlechtliche Identit\u00e4t bzw. sexuelle Orientierung im pri\u00advaten Rahmen ausleben w\u00fcrden (Vgl. ebd.: 74f.). Die Aufforderung der Asylsuchenden mit Trans*Identit\u00e4t, sich in ihrem Her\u00adkunftsland \u201ediskret\u201c zu verhalten, um Diskriminierung und Gewalt seitens des erweiterten Umfeldes und des Staates zu vermeiden, wurde in der BRD in den vergangenen Jahren als Be\u00adgr\u00fcndung zur Ablehnung der Gew\u00e4hrung von Asyl benutzt. In anderen europ\u00e4ischen Staaten findet diese Praxis im Asylverfahren nach wie vor statt. (Vgl. Jansen\/Spijkerboer 2011: 39)<\/span><\/p>\n<p><span style=\"font-family: Calibri,sans-serif;\">Diese Erfordernis missachtet oder verst\u00e4rkt sogar die prek\u00e4re Lebensrealit\u00e4t von Trans*Men\u00adschen in vielen Regionen der Welt, die sich gezwungen sehen, ihre geschlechtliche Identit\u00e4t zu verheimlichen. Oft sind sie durch die Furcht motiviert, durch ihre Familienangeh\u00f6rige, Freunde, Nachbarn, die Gesellschaft allgemein oder staatliche Autorit\u00e4ten entdeckt und de\u00adnunziert zu werden. Die Formen als Reaktion auf die Entdeckung sind vielf\u00e4ltig und reichen von Missbrauch, Diskriminierung, Zwangsheirat und Folter bis zu Mord.<\/span><\/p>\n<p><span style=\"font-family: Calibri,sans-serif;\">Diese Argumentation bestreitet, dass geschlechtliche Identit\u00e4t ein zu bedeutsamer Teil f\u00fcr die Identit\u00e4t eines Menschen ist, als dass sie verleugnet werden k\u00f6nnte, so wie es auch Artikel 10 Qualifikationslinie definiert. Aus diesem Grund hat das Bundesamt f\u00fcr Migration und Fl\u00fcchtlinge von dieser Praxis abgesehen.<br \/>\n<\/span><\/p>\n<p><a title=\"Literatur\" href=\"https:\/\/transasylsupport.cyborgsociety.org\/?page_id=38\"><span style=\"font-family: Calibri,sans-serif;\">Verwendete Literatur<\/span><\/a><\/p>\n","protected":false},"excerpt":{"rendered":"<p>F\u00fcr Trans*idente Asylantragsteller_innen wurde in der Vergangenheit die so genannte Diskretions-Erfordernis angewendet. Trans*Menschen, die aus ihrem Ursprungsland geflohen sind, soll es dieser Argumentation zufolge m\u00f6glich sein, sich \u201eunauff\u00e4llig\u201c zu kleiden und sich \u201eim privaten Bereich\u201c zu bewe\u00adgen (de Silva\/ Quirling 2005: 74). Diese Forderung ist oft mit der Erwartung verbunden, dass Trans* sowie auch LGB-Fl\u00fcchtlinge [&hellip;]<\/p>\n","protected":false},"author":1,"featured_media":0,"parent":70,"menu_order":0,"comment_status":"closed","ping_status":"closed","template":"","meta":{"footnotes":""},"class_list":["post-80","page","type-page","status-publish","hentry"],"_links":{"self":[{"href":"https:\/\/transasylsupport.cyborgsociety.org\/index.php?rest_route=\/wp\/v2\/pages\/80","targetHints":{"allow":["GET"]}}],"collection":[{"href":"https:\/\/transasylsupport.cyborgsociety.org\/index.php?rest_route=\/wp\/v2\/pages"}],"about":[{"href":"https:\/\/transasylsupport.cyborgsociety.org\/index.php?rest_route=\/wp\/v2\/types\/page"}],"author":[{"embeddable":true,"href":"https:\/\/transasylsupport.cyborgsociety.org\/index.php?rest_route=\/wp\/v2\/users\/1"}],"replies":[{"embeddable":true,"href":"https:\/\/transasylsupport.cyborgsociety.org\/index.php?rest_route=%2Fwp%2Fv2%2Fcomments&post=80"}],"version-history":[{"count":4,"href":"https:\/\/transasylsupport.cyborgsociety.org\/index.php?rest_route=\/wp\/v2\/pages\/80\/revisions"}],"predecessor-version":[{"id":84,"href":"https:\/\/transasylsupport.cyborgsociety.org\/index.php?rest_route=\/wp\/v2\/pages\/80\/revisions\/84"}],"up":[{"embeddable":true,"href":"https:\/\/transasylsupport.cyborgsociety.org\/index.php?rest_route=\/wp\/v2\/pages\/70"}],"wp:attachment":[{"href":"https:\/\/transasylsupport.cyborgsociety.org\/index.php?rest_route=%2Fwp%2Fv2%2Fmedia&parent=80"}],"curies":[{"name":"wp","href":"https:\/\/api.w.org\/{rel}","templated":true}]}}