{"id":91,"date":"2013-09-30T11:49:58","date_gmt":"2013-09-30T11:49:58","guid":{"rendered":"https:\/\/transasylsupport.cyborgsociety.org\/?page_id=91"},"modified":"2013-09-30T18:06:18","modified_gmt":"2013-09-30T18:06:18","slug":"nachfluchtgrunde","status":"publish","type":"page","link":"https:\/\/transasylsupport.cyborgsociety.org\/?page_id=91","title":{"rendered":"Nachfluchtgr\u00fcnde"},"content":{"rendered":"<p style=\"text-align: left;\" align=\"JUSTIFY\">Die Praxis zeigt, dass das so genannte nachtr\u00e4gliche Vorbringen der LGBTI-Identit\u00e4t als Grund f\u00fcr ein Asyl als klar unglaubw\u00fcrdig eingesch\u00e4tzt wird. Ein coming out w\u00e4hrend des Asylverfahrens wird somit geleugnet.<\/p>\n<p>Nach \u00a728 AsylVfG sind sogenannte Nachfluchttatbest\u00e4nde nicht relevant. Darunter werden Sachverhalte und Ereignisse verstanden, &#8220;die er [der\/die Asylsuchende] nach Verlassen seines Herkunftslandes aus eigenem Entschluss geschaffen hat&#8221; \u00a728 Abs. 1 S.1 AsylVfG. F\u00fcr eine Person, die ihr coming out erst in der BRD erlebt und aus diesem Grund Angst vor Verfolgung im Falle einer R\u00fckkehr ins Herkunftsland hat, kann diese Regelung problematisch sein.<\/p>\n<p>Das sp\u00e4te coming out ist jedoch nicht als &#8220;selbstgeschaffener&#8221; Nachtfluchtgrund zu interpretieren, sondern lediglich als Folge einer Pers\u00f6nlichkeitseigenschaft. Es wird angenommen, dass diese wegen der drohenden Diskriminierung und Verfolgung im Herkunftsland &#8220;unbewusst&#8221; unterdr\u00fcckt bzw. nicht ausgelebt wurde. Aus diesem Grund ist auch ein sp\u00e4tes coming out ein Sachverhalt, das bereits im Herkunftsland bestand und daher auch asylrelevant. (Vgl. LSVD)<\/p>\n<p><a title=\"Literatur\" href=\"https:\/\/transasylsupport.cyborgsociety.org\/?page_id=38\">Verwendete Literatur<\/a><\/p>\n","protected":false},"excerpt":{"rendered":"<p>Die Praxis zeigt, dass das so genannte nachtr\u00e4gliche Vorbringen der LGBTI-Identit\u00e4t als Grund f\u00fcr ein Asyl als klar unglaubw\u00fcrdig eingesch\u00e4tzt wird. Ein coming out w\u00e4hrend des Asylverfahrens wird somit geleugnet. Nach \u00a728 AsylVfG sind sogenannte Nachfluchttatbest\u00e4nde nicht relevant. Darunter werden Sachverhalte und Ereignisse verstanden, &#8220;die er [der\/die Asylsuchende] nach Verlassen seines Herkunftslandes aus eigenem Entschluss [&hellip;]<\/p>\n","protected":false},"author":1,"featured_media":0,"parent":70,"menu_order":0,"comment_status":"closed","ping_status":"closed","template":"","meta":{"footnotes":""},"class_list":["post-91","page","type-page","status-publish","hentry"],"_links":{"self":[{"href":"https:\/\/transasylsupport.cyborgsociety.org\/index.php?rest_route=\/wp\/v2\/pages\/91","targetHints":{"allow":["GET"]}}],"collection":[{"href":"https:\/\/transasylsupport.cyborgsociety.org\/index.php?rest_route=\/wp\/v2\/pages"}],"about":[{"href":"https:\/\/transasylsupport.cyborgsociety.org\/index.php?rest_route=\/wp\/v2\/types\/page"}],"author":[{"embeddable":true,"href":"https:\/\/transasylsupport.cyborgsociety.org\/index.php?rest_route=\/wp\/v2\/users\/1"}],"replies":[{"embeddable":true,"href":"https:\/\/transasylsupport.cyborgsociety.org\/index.php?rest_route=%2Fwp%2Fv2%2Fcomments&post=91"}],"version-history":[{"count":6,"href":"https:\/\/transasylsupport.cyborgsociety.org\/index.php?rest_route=\/wp\/v2\/pages\/91\/revisions"}],"predecessor-version":[{"id":122,"href":"https:\/\/transasylsupport.cyborgsociety.org\/index.php?rest_route=\/wp\/v2\/pages\/91\/revisions\/122"}],"up":[{"embeddable":true,"href":"https:\/\/transasylsupport.cyborgsociety.org\/index.php?rest_route=\/wp\/v2\/pages\/70"}],"wp:attachment":[{"href":"https:\/\/transasylsupport.cyborgsociety.org\/index.php?rest_route=%2Fwp%2Fv2%2Fmedia&parent=91"}],"curies":[{"name":"wp","href":"https:\/\/api.w.org\/{rel}","templated":true}]}}